{"id":21,"date":"2024-06-19T11:55:41","date_gmt":"2024-06-19T11:55:41","guid":{"rendered":"https:\/\/sageuniversprd.wpengine.com\/pt-pt\/?page_id=21"},"modified":"2024-08-01T11:43:00","modified_gmt":"2024-08-01T10:43:00","slug":"code-of-conduct","status":"publish","type":"page","link":"https:\/\/sageu.com\/pt-pt\/code-of-conduct\/","title":{"rendered":"Sage Partner Code of Conduct"},"content":{"rendered":"\n<div class=\"wp-block-group alignfull has-base-color has-contrast-background-color has-text-color has-background has-link-color wp-elements-02f9e9f5cd0a774e2c89bbeddbea6ccf has-global-padding is-layout-constrained wp-block-group-is-layout-constrained\" style=\"padding-top:0;padding-bottom:0\">\n<div class=\"wp-block-columns alignwide are-vertically-aligned-center has-reversed-columns-sm is-layout-flex wp-container-core-columns-is-layout-28f84493 wp-block-columns-is-layout-flex has-2-columns\">\n<div class=\"wp-block-column is-vertically-aligned-center is-layout-flow wp-block-column-is-layout-flow\" style=\"padding-top:var(--wp--preset--spacing--r-l-2);padding-bottom:var(--wp--preset--spacing--r-l-2)\">\n<h1 class=\"wp-block-heading has-text-align-center has-sage-headline-font-family has-r-2-xl-font-size\" style=\"margin-top:0;margin-bottom:var(--wp--preset--spacing--r-base)\"><strong>Parceiro Sage<\/strong><\/h1>\n\n\n\n<h2 class=\"wp-block-heading has-text-align-center has-sage-headline-font-family has-r-xl-font-size\" style=\"margin-top:0;margin-bottom:var(--wp--preset--spacing--r-base)\"><strong>C\u00f3digo de Conduta \u2013<br>Forma\u00e7\u00e3o e Declara\u00e7\u00e3o de aceita\u00e7\u00e3o<\/strong><\/h2>\n\n\n\n<p class=\"has-text-align-center wp-block-paragraph\">Bem-vindo \u00e0 \u00e1rea de aprendizagem e acredita\u00e7\u00e3o do C\u00f3digo de Conduta para Parceiros Sage.<br>O nosso C\u00f3digo de Conduta estabelece as obriga\u00e7\u00f5es legais e regulamentares, as normas de comportamento e as pr\u00e1ticas \u00e9ticas que a Sage exige e espera dos seus parceiros e das suas rela\u00e7\u00f5es comerciais com terceiros.<\/p>\n<\/div>\n\n\n\n<div class=\"wp-block-column is-vertically-aligned-center is-layout-flow wp-block-column-is-layout-flow\" style=\"padding-top:var(--wp--preset--spacing--r-l-2);padding-bottom:var(--wp--preset--spacing--r-l-2)\">\n<figure class=\"wp-block-image aligncenter size-large is-resized\"><img decoding=\"async\" src=\"https:\/\/sageu.com\/global\/images\/rebrand\/CharacterIllustration\/character-illustration_industries_legal\/dark%20background\/character-illustration_industries_legal-d.gif\" alt=\"\" style=\"width:500px\"\/><\/figure>\n<\/div>\n<\/div>\n<\/div>\n\n\n\n<div class=\"wp-block-group alignwide is-layout-flow wp-block-group-is-layout-flow\">\n<div class=\"wp-block-group has-global-padding is-layout-constrained wp-block-group-is-layout-constrained\">\n<div class=\"wp-block-columns alignwide is-style-full-height is-full-height is-layout-flex wp-container-core-columns-is-layout-28f84493 wp-block-columns-is-layout-flex has-3-columns\">\n<div class=\"wp-block-column is-layout-flow wp-block-column-is-layout-flow\">\n<div class=\"has-shadow wp-block-group is-style-full-height has-contrast-color has-text-color has-link-color wp-elements-0a5448457ad720fdbc4f26ba3688fe7b is-vertical is-content-justification-stretch is-layout-flex wp-container-core-group-is-layout-69c550ab wp-block-group-is-layout-flex\" style=\"box-shadow: var(--wp--custom--box-shadow--default); border-radius:24px\">\n<div class=\"wp-block-group has-white-90-color has-contrast-background-color has-text-color has-background has-link-color wp-elements-04ffbfe30f57b1315f0e0bad71e0c286 has-global-padding is-layout-constrained wp-container-core-group-is-layout-a26a325c wp-block-group-is-layout-constrained\" style=\"border-top-left-radius:24px;border-top-right-radius:24px;border-bottom-right-radius:24px;padding-top:var(--wp--preset--spacing--r-base);padding-right:var(--wp--preset--spacing--r-base);padding-bottom:var(--wp--preset--spacing--r-base);padding-left:var(--wp--preset--spacing--r-base)\">\n<figure class=\"wp-block-image size-large\"><img decoding=\"async\" src=\"https:\/\/sageu.com\/global\/images\/rebrand\/HeroIllustrations\/learning-environment.png\" alt=\"\"\/><\/figure>\n<\/div>\n\n\n\n<div class=\"wp-block-group has-global-padding is-layout-constrained wp-container-core-group-is-layout-a26a325c wp-block-group-is-layout-constrained\" style=\"padding-top:var(--wp--preset--spacing--r-base);padding-right:var(--wp--preset--spacing--r-base);padding-bottom:var(--wp--preset--spacing--r-base);padding-left:var(--wp--preset--spacing--r-base)\">\n<h2 class=\"wp-block-heading has-text-align-center has-r-m-font-size\">Fa\u00e7a a forma\u00e7\u00e3o do C\u00f3digo de Conduta<\/h2>\n\n\n\n<p class=\"has-text-align-center wp-block-paragraph\" style=\"margin-top:0;margin-bottom:var(--wp--preset--spacing--base)\">Ao clicar no bot\u00e3o abaixo, ter\u00e1 acesso ao conte\u00fado formativo (com locu\u00e7\u00e3o opcional) que explicar\u00e1 quais s\u00e3o os requisitos e expectativas e como cumpri-los.<\/p>\n\n\n\n<div class=\"wp-block-buttons is-content-justification-center is-layout-flex wp-container-core-buttons-is-layout-b92e0dc8 wp-block-buttons-is-layout-flex\" style=\"margin-top:var(--wp--preset--spacing--auto);margin-bottom:var(--wp--preset--spacing--base)\">\n<div class=\"wp-block-button is-style-fill\"><a class=\"wp-block-button__link has-base-color has-text-color has-link-color wp-element-button\" href=\"https:\/\/sageu.csod.com\/samldefault.aspx?ouid=4&amp;returnurl=https:\/\/sageu.csod.com\/LMS\/LoDetails\/DetailsLo.aspx?loid=e12d13ea-0bf9-4dfa-a449-987dbbd37a5e\"><em>Aceda \u00e0 Forma\u00e7\u00e3o<\/em><\/a><\/div>\n<\/div>\n\n\n\n<p class=\"has-text-align-center wp-block-paragraph\" style=\"margin-top:0;margin-bottom:var(--wp--preset--spacing--s)\"><em><em><em>*Para ter acesso a este conte\u00fado formativo, ter\u00e1 de entrar na Sage University com um perfil de parceiro v\u00e1lido.<\/em><\/em><\/em><\/p>\n<\/div>\n<\/div>\n<\/div>\n\n\n\n<div class=\"wp-block-column is-layout-flow wp-block-column-is-layout-flow\">\n<div class=\"has-shadow wp-block-group is-style-full-height has-contrast-color has-text-color has-link-color wp-elements-63abb1b3cd4eda6fc5f5e1bbc0f72980 is-vertical is-content-justification-stretch is-layout-flex wp-container-core-group-is-layout-69c550ab wp-block-group-is-layout-flex\" style=\"box-shadow: var(--wp--custom--box-shadow--default); border-radius:24px\">\n<div class=\"wp-block-group has-white-90-color has-contrast-background-color has-text-color has-background has-link-color wp-elements-f216d843e7e7400f69acab9ccd911e81 has-global-padding is-layout-constrained wp-container-core-group-is-layout-a26a325c wp-block-group-is-layout-constrained\" style=\"border-top-left-radius:24px;border-top-right-radius:24px;border-bottom-right-radius:24px;padding-top:var(--wp--preset--spacing--r-base);padding-right:var(--wp--preset--spacing--r-base);padding-bottom:var(--wp--preset--spacing--r-base);padding-left:var(--wp--preset--spacing--r-base)\">\n<figure class=\"wp-block-image size-large\"><img decoding=\"async\" src=\"https:\/\/sageu.com\/global\/images\/rebrand\/HeroIllustrations\/browsing.png\" alt=\"\"\/><\/figure>\n<\/div>\n\n\n\n<div class=\"wp-block-group has-global-padding is-layout-constrained wp-container-core-group-is-layout-a26a325c wp-block-group-is-layout-constrained\" style=\"padding-top:var(--wp--preset--spacing--r-base);padding-right:var(--wp--preset--spacing--r-base);padding-bottom:var(--wp--preset--spacing--r-base);padding-left:var(--wp--preset--spacing--r-base)\">\n<h2 class=\"wp-block-heading has-text-align-center has-r-m-font-size\">O que acontece depois de terminar a forma\u00e7\u00e3o?<\/h2>\n\n\n\n<p class=\"has-text-align-center wp-block-paragraph\" style=\"margin-top:0;margin-bottom:var(--wp--preset--spacing--base)\">No final do curso, ser-lhe-\u00e1 pedido que providencie um representante devidamente autorizado da sua organiza\u00e7\u00e3o para que preencha uma declara\u00e7\u00e3o em como voc\u00ea, e os colegas relevantes da sua organiza\u00e7\u00e3o leram, compreenderam e aderiram ao nosso C\u00f3digo de Conduta.<\/p>\n<\/div>\n<\/div>\n<\/div>\n\n\n\n<div class=\"wp-block-column is-layout-flow wp-block-column-is-layout-flow\">\n<div class=\"has-shadow wp-block-group is-style-full-height has-contrast-color has-text-color has-link-color wp-elements-5bf7be178d73fd1829698eec0f374384 is-vertical is-content-justification-stretch is-layout-flex wp-container-core-group-is-layout-69c550ab wp-block-group-is-layout-flex\" style=\"box-shadow: var(--wp--custom--box-shadow--default); border-radius:24px\">\n<div class=\"wp-block-group has-white-90-color has-contrast-background-color has-text-color has-background has-link-color wp-elements-493d42493e4434758b57e5b06737be7f has-global-padding is-layout-constrained wp-container-core-group-is-layout-a26a325c wp-block-group-is-layout-constrained\" style=\"border-top-left-radius:24px;border-top-right-radius:24px;border-bottom-right-radius:24px;padding-top:var(--wp--preset--spacing--r-base);padding-right:var(--wp--preset--spacing--r-base);padding-bottom:var(--wp--preset--spacing--r-base);padding-left:var(--wp--preset--spacing--r-base)\">\n<figure class=\"wp-block-image size-large\"><img decoding=\"async\" src=\"https:\/\/sageu.com\/global\/images\/rebrand\/HeroIllustrations\/networking.png\" alt=\"\"\/><\/figure>\n<\/div>\n\n\n\n<div class=\"wp-block-group has-global-padding is-layout-constrained wp-container-core-group-is-layout-a26a325c wp-block-group-is-layout-constrained\" style=\"padding-top:var(--wp--preset--spacing--r-base);padding-right:var(--wp--preset--spacing--r-base);padding-bottom:var(--wp--preset--spacing--r-base);padding-left:var(--wp--preset--spacing--r-base)\">\n<h2 class=\"wp-block-heading has-text-align-center has-r-m-font-size\">Lembrete do seu papel de apoio \u00e0 dilig\u00eancia devida ao cliente da Sage<\/h2>\n\n\n\n<p class=\"has-text-align-center wp-block-paragraph\" style=\"margin-top:0;margin-bottom:var(--wp--preset--spacing--base)\">Como um parceiro confi\u00e1vel da Sage, voc\u00ea desempenha um papel vital apoiando nossos procedimentos de dilig\u00eancia devida para integra\u00e7\u00e3o e renova\u00e7\u00e3o de clientes. Por favor, atualize seus conhecimentos sobre esses requisitos lendo e baixando este guia \u00fatil.<\/p>\n\n\n\n<div class=\"wp-block-buttons is-content-justification-center is-layout-flex wp-container-core-buttons-is-layout-b92e0dc8 wp-block-buttons-is-layout-flex\" style=\"margin-top:var(--wp--preset--spacing--auto);margin-bottom:var(--wp--preset--spacing--base)\">\n<div class=\"wp-block-button is-style-fill\"><a class=\"wp-block-button__link has-base-color has-text-color has-link-color wp-element-button\" href=\"https:\/\/sageu.com\/code-of-conduct\/PT\/DueDiligenceAtSage_PT.pdf\" target=\"_blank\" rel=\"noreferrer noopener\"><em>Ver guia<\/em><\/a><\/div>\n<\/div>\n\n\n\n<div class=\"wp-block-buttons is-content-justification-center is-layout-flex wp-container-core-buttons-is-layout-b92e0dc8 wp-block-buttons-is-layout-flex\" style=\"margin-top:var(--wp--preset--spacing--auto);margin-bottom:var(--wp--preset--spacing--base)\">\n<div class=\"wp-block-button is-style-fill\"><a class=\"wp-block-button__link has-base-color has-text-color has-link-color wp-element-button\" href=\"https:\/\/sageu.s3.eu-west-1.amazonaws.com\/SageUWeb\/code-of-conduct\/pdf\/SageRestrictedTerritories_PT.pdf\" target=\"_blank\" rel=\"noreferrer noopener\"><em>Sage Territ\u00f3rios Restritos<\/em><\/a><\/div>\n<\/div>\n<\/div>\n<\/div>\n<\/div>\n<\/div>\n<\/div>\n<\/div>\n\n\n\n<div class=\"wp-block-group alignfull has-base-color has-contrast-background-color has-text-color has-background has-link-color wp-elements-a5b43382c8a34e240edced5400238832 has-global-padding is-layout-constrained wp-block-group-is-layout-constrained\" style=\"padding-top:0;padding-bottom:0\">\n<div class=\"wp-block-columns alignwide has-reversed-columns-sm is-layout-flex wp-container-core-columns-is-layout-28f84493 wp-block-columns-is-layout-flex has-2-columns\">\n<div class=\"wp-block-column is-vertically-aligned-center is-layout-flow wp-block-column-is-layout-flow\" style=\"padding-top:var(--wp--preset--spacing--r-base);padding-bottom:var(--wp--preset--spacing--r-base)\">\n<h2 class=\"wp-block-heading has-r-m-font-size\">Estamos muito gratos pela vossa coopera\u00e7\u00e3o cont\u00ednua como Parceiros de confian\u00e7a da Sage, que nos ajudam e \u00e0 nossa rede de confian\u00e7a, a escalar e a crescer, enquanto fazem o que \u00e9 correto para todas as partes interessadas e para a sociedade em geral.<\/h2>\n<\/div>\n\n\n\n<div class=\"wp-block-column is-layout-flow wp-block-column-is-layout-flow\" style=\"padding-top:var(--wp--preset--spacing--r-l-2);padding-bottom:var(--wp--preset--spacing--r-l-2)\">\n<figure class=\"wp-block-image aligncenter size-large is-resized has-custom-border\"><img decoding=\"async\" src=\"https:\/\/sageu.com\/global\/images\/rebrand\/HeroIllustrations\/FullBleedIllustrations\/path.png\" alt=\"\" style=\"border-radius:20px;width:517px;height:auto\"\/><\/figure>\n<\/div>\n<\/div>\n<\/div>\n","protected":false},"excerpt":{"rendered":"<p>Parceiro Sage C\u00f3digo de Conduta \u2013Forma\u00e7\u00e3o e Declara\u00e7\u00e3o de aceita\u00e7\u00e3o Bem-vindo \u00e0 \u00e1rea de aprendizagem e acredita\u00e7\u00e3o do C\u00f3digo de Conduta para Parceiros Sage.O nosso C\u00f3digo de Conduta estabelece as obriga\u00e7\u00f5es legais e regulamentares, as normas de comportamento e as pr\u00e1ticas \u00e9ticas que a Sage exige e espera dos seus parceiros e das suas rela\u00e7\u00f5es [&hellip;]<\/p>\n","protected":false},"author":12,"featured_media":0,"parent":0,"menu_order":0,"comment_status":"closed","ping_status":"closed","template":"","meta":{"_sageu_show_background_image":true,"footnotes":""},"class_list":["post-21","page","type-page","status-publish","hentry"],"yoast_head":"<!-- This site is optimized with the Yoast SEO plugin v27.1.1 - https:\/\/yoast.com\/product\/yoast-seo-wordpress\/ -->\n<title>Sage Partner Code of Conduct - Sage University(Portugal)<\/title>\n<meta name=\"description\" content=\"O nosso C\u00f3digo de Conduta estabelece as obriga\u00e7\u00f5es legais e regulamentares, as normas de comportamento e as pr\u00e1ticas \u00e9ticas que aSage exige e espera dos seus parceiros e das suas rela\u00e7\u00f5es comerciais com terceiros.\" \/>\n<meta name=\"robots\" content=\"index, follow, max-snippet:-1, max-image-preview:large, max-video-preview:-1\" \/>\n<link rel=\"canonical\" href=\"https:\/\/sageu.com\/pt-pt\/code-of-conduct\/\" \/>\n<meta property=\"og:locale\" content=\"en_US\" \/>\n<meta property=\"og:type\" content=\"article\" \/>\n<meta property=\"og:title\" content=\"Sage Partner Code of Conduct - Sage University(Portugal)\" \/>\n<meta property=\"og:description\" content=\"O nosso C\u00f3digo de Conduta estabelece as obriga\u00e7\u00f5es legais e regulamentares, as normas de comportamento e as pr\u00e1ticas \u00e9ticas que aSage exige e espera dos seus parceiros e das suas rela\u00e7\u00f5es comerciais com terceiros.\" \/>\n<meta property=\"og:url\" content=\"https:\/\/sageu.com\/pt-pt\/code-of-conduct\/\" \/>\n<meta property=\"og:site_name\" content=\"Sage University(Portugal)\" \/>\n<meta property=\"article:modified_time\" content=\"2024-08-01T10:43:00+00:00\" \/>\n<meta property=\"og:image\" content=\"https:\/\/sageu.com\/global\/images\/rebrand\/CharacterIllustration\/character-illustration_industries_legal\/dark%20background\/character-illustration_industries_legal-d.gif\" \/>\n<meta name=\"twitter:card\" content=\"summary_large_image\" \/>\n<meta name=\"twitter:label1\" content=\"Est. reading time\" \/>\n\t<meta name=\"twitter:data1\" content=\"3 minutes\" \/>\n<script type=\"application\/ld+json\" class=\"yoast-schema-graph\">{\"@context\":\"https:\/\/schema.org\",\"@graph\":[{\"@type\":\"WebPage\",\"@id\":\"https:\/\/sageu.com\/pt-pt\/code-of-conduct\/\",\"url\":\"https:\/\/sageu.com\/pt-pt\/code-of-conduct\/\",\"name\":\"Sage Partner Code of Conduct - Sage University(Portugal)\",\"isPartOf\":{\"@id\":\"https:\/\/sageuniversprd.wpengine.com\/pt-pt\/#website\"},\"primaryImageOfPage\":{\"@id\":\"https:\/\/sageu.com\/pt-pt\/code-of-conduct\/#primaryimage\"},\"image\":{\"@id\":\"https:\/\/sageu.com\/pt-pt\/code-of-conduct\/#primaryimage\"},\"thumbnailUrl\":\"https:\/\/sageu.com\/global\/images\/rebrand\/CharacterIllustration\/character-illustration_industries_legal\/dark%20background\/character-illustration_industries_legal-d.gif\",\"datePublished\":\"2024-06-19T11:55:41+00:00\",\"dateModified\":\"2024-08-01T10:43:00+00:00\",\"description\":\"O nosso C\u00f3digo de Conduta estabelece as obriga\u00e7\u00f5es legais e regulamentares, as normas de comportamento e as pr\u00e1ticas \u00e9ticas que aSage exige e espera dos seus parceiros e das suas rela\u00e7\u00f5es comerciais com terceiros.\",\"breadcrumb\":{\"@id\":\"https:\/\/sageu.com\/pt-pt\/code-of-conduct\/#breadcrumb\"},\"inLanguage\":\"en-US\",\"potentialAction\":[{\"@type\":\"ReadAction\",\"target\":[\"https:\/\/sageu.com\/pt-pt\/code-of-conduct\/\"]}]},{\"@type\":\"ImageObject\",\"inLanguage\":\"en-US\",\"@id\":\"https:\/\/sageu.com\/pt-pt\/code-of-conduct\/#primaryimage\",\"url\":\"https:\/\/sageu.com\/global\/images\/rebrand\/CharacterIllustration\/character-illustration_industries_legal\/dark%20background\/character-illustration_industries_legal-d.gif\",\"contentUrl\":\"https:\/\/sageu.com\/global\/images\/rebrand\/CharacterIllustration\/character-illustration_industries_legal\/dark%20background\/character-illustration_industries_legal-d.gif\"},{\"@type\":\"BreadcrumbList\",\"@id\":\"https:\/\/sageu.com\/pt-pt\/code-of-conduct\/#breadcrumb\",\"itemListElement\":[{\"@type\":\"ListItem\",\"position\":1,\"name\":\"Home\",\"item\":\"https:\/\/sageu.com\/pt-pt\/\"},{\"@type\":\"ListItem\",\"position\":2,\"name\":\"Sage Partner Code of Conduct\"}]},{\"@type\":\"WebSite\",\"@id\":\"https:\/\/sageuniversprd.wpengine.com\/pt-pt\/#website\",\"url\":\"https:\/\/sageuniversprd.wpengine.com\/pt-pt\/\",\"name\":\"Sage University(Portugal)\",\"description\":\"\",\"publisher\":{\"@id\":\"https:\/\/sageuniversprd.wpengine.com\/pt-pt\/#organization\"},\"potentialAction\":[{\"@type\":\"SearchAction\",\"target\":{\"@type\":\"EntryPoint\",\"urlTemplate\":\"https:\/\/sageuniversprd.wpengine.com\/pt-pt\/?s={search_term_string}\"},\"query-input\":{\"@type\":\"PropertyValueSpecification\",\"valueRequired\":true,\"valueName\":\"search_term_string\"}}],\"inLanguage\":\"en-US\"},{\"@type\":\"Organization\",\"@id\":\"https:\/\/sageuniversprd.wpengine.com\/pt-pt\/#organization\",\"name\":\"Sage University(Portugal)\",\"url\":\"https:\/\/sageuniversprd.wpengine.com\/pt-pt\/\",\"logo\":{\"@type\":\"ImageObject\",\"inLanguage\":\"en-US\",\"@id\":\"https:\/\/sageuniversprd.wpengine.com\/pt-pt\/#\/schema\/logo\/image\/\",\"url\":\"https:\/\/sageu.com\/pt-pt\/wp-content\/uploads\/sites\/5\/2024\/05\/sage-logo-1.png\",\"contentUrl\":\"https:\/\/sageu.com\/pt-pt\/wp-content\/uploads\/sites\/5\/2024\/05\/sage-logo-1.png\",\"width\":176,\"height\":34,\"caption\":\"Sage University(Portugal)\"},\"image\":{\"@id\":\"https:\/\/sageuniversprd.wpengine.com\/pt-pt\/#\/schema\/logo\/image\/\"}}]}<\/script>\n<!-- \/ Yoast SEO plugin. -->","yoast_head_json":{"title":"Sage Partner Code of Conduct - Sage University(Portugal)","description":"O nosso C\u00f3digo de Conduta estabelece as obriga\u00e7\u00f5es legais e regulamentares, as normas de comportamento e as pr\u00e1ticas \u00e9ticas que aSage exige e espera dos seus parceiros e das suas rela\u00e7\u00f5es comerciais com terceiros.","robots":{"index":"index","follow":"follow","max-snippet":"max-snippet:-1","max-image-preview":"max-image-preview:large","max-video-preview":"max-video-preview:-1"},"canonical":"https:\/\/sageu.com\/pt-pt\/code-of-conduct\/","og_locale":"en_US","og_type":"article","og_title":"Sage Partner Code of Conduct - Sage University(Portugal)","og_description":"O nosso C\u00f3digo de Conduta estabelece as obriga\u00e7\u00f5es legais e regulamentares, as normas de comportamento e as pr\u00e1ticas \u00e9ticas que aSage exige e espera dos seus parceiros e das suas rela\u00e7\u00f5es comerciais com terceiros.","og_url":"https:\/\/sageu.com\/pt-pt\/code-of-conduct\/","og_site_name":"Sage University(Portugal)","article_modified_time":"2024-08-01T10:43:00+00:00","og_image":[{"url":"https:\/\/sageu.com\/global\/images\/rebrand\/CharacterIllustration\/character-illustration_industries_legal\/dark%20background\/character-illustration_industries_legal-d.gif","type":"","width":"","height":""}],"twitter_card":"summary_large_image","twitter_misc":{"Est. reading time":"3 minutes"},"schema":{"@context":"https:\/\/schema.org","@graph":[{"@type":"WebPage","@id":"https:\/\/sageu.com\/pt-pt\/code-of-conduct\/","url":"https:\/\/sageu.com\/pt-pt\/code-of-conduct\/","name":"Sage Partner Code of Conduct - Sage University(Portugal)","isPartOf":{"@id":"https:\/\/sageuniversprd.wpengine.com\/pt-pt\/#website"},"primaryImageOfPage":{"@id":"https:\/\/sageu.com\/pt-pt\/code-of-conduct\/#primaryimage"},"image":{"@id":"https:\/\/sageu.com\/pt-pt\/code-of-conduct\/#primaryimage"},"thumbnailUrl":"https:\/\/sageu.com\/global\/images\/rebrand\/CharacterIllustration\/character-illustration_industries_legal\/dark%20background\/character-illustration_industries_legal-d.gif","datePublished":"2024-06-19T11:55:41+00:00","dateModified":"2024-08-01T10:43:00+00:00","description":"O nosso C\u00f3digo de Conduta estabelece as obriga\u00e7\u00f5es legais e regulamentares, as normas de comportamento e as pr\u00e1ticas \u00e9ticas que aSage exige e espera dos seus parceiros e das suas rela\u00e7\u00f5es comerciais com terceiros.","breadcrumb":{"@id":"https:\/\/sageu.com\/pt-pt\/code-of-conduct\/#breadcrumb"},"inLanguage":"en-US","potentialAction":[{"@type":"ReadAction","target":["https:\/\/sageu.com\/pt-pt\/code-of-conduct\/"]}]},{"@type":"ImageObject","inLanguage":"en-US","@id":"https:\/\/sageu.com\/pt-pt\/code-of-conduct\/#primaryimage","url":"https:\/\/sageu.com\/global\/images\/rebrand\/CharacterIllustration\/character-illustration_industries_legal\/dark%20background\/character-illustration_industries_legal-d.gif","contentUrl":"https:\/\/sageu.com\/global\/images\/rebrand\/CharacterIllustration\/character-illustration_industries_legal\/dark%20background\/character-illustration_industries_legal-d.gif"},{"@type":"BreadcrumbList","@id":"https:\/\/sageu.com\/pt-pt\/code-of-conduct\/#breadcrumb","itemListElement":[{"@type":"ListItem","position":1,"name":"Home","item":"https:\/\/sageu.com\/pt-pt\/"},{"@type":"ListItem","position":2,"name":"Sage Partner Code of Conduct"}]},{"@type":"WebSite","@id":"https:\/\/sageuniversprd.wpengine.com\/pt-pt\/#website","url":"https:\/\/sageuniversprd.wpengine.com\/pt-pt\/","name":"Sage University(Portugal)","description":"","publisher":{"@id":"https:\/\/sageuniversprd.wpengine.com\/pt-pt\/#organization"},"potentialAction":[{"@type":"SearchAction","target":{"@type":"EntryPoint","urlTemplate":"https:\/\/sageuniversprd.wpengine.com\/pt-pt\/?s={search_term_string}"},"query-input":{"@type":"PropertyValueSpecification","valueRequired":true,"valueName":"search_term_string"}}],"inLanguage":"en-US"},{"@type":"Organization","@id":"https:\/\/sageuniversprd.wpengine.com\/pt-pt\/#organization","name":"Sage University(Portugal)","url":"https:\/\/sageuniversprd.wpengine.com\/pt-pt\/","logo":{"@type":"ImageObject","inLanguage":"en-US","@id":"https:\/\/sageuniversprd.wpengine.com\/pt-pt\/#\/schema\/logo\/image\/","url":"https:\/\/sageu.com\/pt-pt\/wp-content\/uploads\/sites\/5\/2024\/05\/sage-logo-1.png","contentUrl":"https:\/\/sageu.com\/pt-pt\/wp-content\/uploads\/sites\/5\/2024\/05\/sage-logo-1.png","width":176,"height":34,"caption":"Sage University(Portugal)"},"image":{"@id":"https:\/\/sageuniversprd.wpengine.com\/pt-pt\/#\/schema\/logo\/image\/"}}]}},"_links":{"self":[{"href":"https:\/\/sageu.com\/pt-pt\/wp-json\/wp\/v2\/pages\/21","targetHints":{"allow":["GET"]}}],"collection":[{"href":"https:\/\/sageu.com\/pt-pt\/wp-json\/wp\/v2\/pages"}],"about":[{"href":"https:\/\/sageu.com\/pt-pt\/wp-json\/wp\/v2\/types\/page"}],"author":[{"embeddable":true,"href":"https:\/\/sageu.com\/pt-pt\/wp-json\/wp\/v2\/users\/12"}],"replies":[{"embeddable":true,"href":"https:\/\/sageu.com\/pt-pt\/wp-json\/wp\/v2\/comments?post=21"}],"version-history":[{"count":0,"href":"https:\/\/sageu.com\/pt-pt\/wp-json\/wp\/v2\/pages\/21\/revisions"}],"wp:attachment":[{"href":"https:\/\/sageu.com\/pt-pt\/wp-json\/wp\/v2\/media?parent=21"}],"curies":[{"name":"wp","href":"https:\/\/api.w.org\/{rel}","templated":true}]}}