{"id":46,"date":"2024-06-13T12:56:10","date_gmt":"2024-06-13T12:56:10","guid":{"rendered":"https:\/\/sageuniversprd.wpengine.com\/fr-fr\/?page_id=46"},"modified":"2024-06-21T15:58:13","modified_gmt":"2024-06-21T15:58:13","slug":"product_catalogue","status":"publish","type":"page","link":"https:\/\/sageu.com\/fr-fr\/product_catalogue\/","title":{"rendered":"Product_catalogue"},"content":{"rendered":"\n<div class=\"wp-block-group alignfull has-base-color has-contrast-background-color has-text-color has-background has-link-color wp-elements-d48cfb30facdfb8c6cb832d719a9c6e7 has-global-padding is-layout-constrained wp-block-group-is-layout-constrained\" style=\"padding-top:0;padding-bottom:0\">\n<div class=\"wp-block-columns alignwide are-vertically-aligned-center has-reversed-columns-sm is-layout-flex wp-container-core-columns-is-layout-28f84493 wp-block-columns-is-layout-flex has-2-columns\">\n<div class=\"wp-block-column is-vertically-aligned-center is-layout-flow wp-block-column-is-layout-flow\" style=\"padding-top:var(--wp--preset--spacing--r-base);padding-bottom:var(--wp--preset--spacing--r-base)\">\n<h2 class=\"wp-block-heading has-sage-headline-font-family has-r-2-xl-font-size\"><strong>Catalogue de formations<\/strong><\/h2>\n\n\n\n<p class=\"has-r-m-font-size wp-block-paragraph\" style=\"margin-top:0;margin-bottom:var(--wp--preset--spacing--r-base)\">Consultez nos formations disponibles sur votre logiciel Sage. Sage vous accompagne \u00e9galement gr\u00e2ce \u00e0 des prestations techniques. N&#8217;h\u00e9sitez pas \u00e0 contacter votre conseiller commercial pour plus d&#8217;informations.<\/p>\n<\/div>\n\n\n\n<div class=\"wp-block-column is-vertically-aligned-center is-layout-flow wp-block-column-is-layout-flow\" style=\"padding-top:var(--wp--preset--spacing--r-l-2);padding-bottom:var(--wp--preset--spacing--r-l-2)\">\n<figure class=\"wp-block-image size-large is-resized has-custom-border\"><img decoding=\"async\" src=\"https:\/\/sageu.com\/global\/images\/rebrand\/photography\/Accountants_Small_Business\/1920x640\/BrandShootLDN_Dec2021_accountants_0435_n.jpg\" alt=\"\" style=\"border-radius:36px;width:892px;height:auto\"\/><\/figure>\n<\/div>\n<\/div>\n<\/div>\n\n\n\n<div class=\"wp-block-group alignwide has-global-padding is-layout-constrained wp-block-group-is-layout-constrained\">\n<div class=\"wp-block-group alignwide has-global-padding is-layout-constrained wp-block-group-is-layout-constrained\">\n<div class=\"wp-block-columns alignwide is-style-full-height is-layout-flex wp-container-core-columns-is-layout-28f84493 wp-block-columns-is-layout-flex has-3-columns\">\n<div class=\"wp-block-column is-layout-flow wp-block-column-is-layout-flow\">\n<div class=\"has-shadow wp-block-group is-style-full-height has-contrast-color has-text-color has-link-color is-clickable wp-elements-b4b2c0ee28ccc04d563a3781a1aebe46 is-vertical is-layout-flex wp-container-core-group-is-layout-029ef134 wp-block-group-is-layout-flex\" style=\"box-shadow: var(--wp--custom--box-shadow--small); border-radius:24px;padding-top:var(--wp--preset--spacing--r-base);padding-right:var(--wp--preset--spacing--r-base);padding-bottom:var(--wp--preset--spacing--r-base);padding-left:var(--wp--preset--spacing--r-base)\">\n<h4 class=\"wp-block-heading has-text-align-left has-sage-text-font-family has-r-m-font-size\" style=\"margin-top:0;margin-bottom:var(--wp--preset--spacing--r-base)\"><strong>Sage 50<\/strong><\/h4>\n\n\n\n<div class=\"wp-block-buttons is-content-justification-left is-layout-flex wp-container-core-buttons-is-layout-c1aade71 wp-block-buttons-is-layout-flex\" style=\"margin-top:var(--wp--preset--spacing--auto);margin-bottom:0\">\n<div class=\"wp-block-button is-style-fill\"><a class=\"wp-block-button__link has-base-color has-text-color has-link-color wp-element-button\" href=\"https:\/\/sageu.csod.com\/default.aspx?c=sf50cciel\">En savoir plus<\/a><\/div>\n<\/div>\n<\/div>\n<\/div>\n\n\n\n<div class=\"wp-block-column is-layout-flow wp-block-column-is-layout-flow\">\n<div class=\"has-shadow wp-block-group is-style-full-height has-contrast-color has-text-color has-link-color is-clickable wp-elements-fa9fdf7ba1a1331a781cf0d07fb0f548 is-vertical is-layout-flex wp-container-core-group-is-layout-029ef134 wp-block-group-is-layout-flex\" style=\"box-shadow: var(--wp--custom--box-shadow--small); border-radius:24px;padding-top:var(--wp--preset--spacing--r-base);padding-right:var(--wp--preset--spacing--r-base);padding-bottom:var(--wp--preset--spacing--r-base);padding-left:var(--wp--preset--spacing--r-base)\">\n<h4 class=\"wp-block-heading has-text-align-left has-sage-text-font-family has-r-m-font-size\" style=\"margin-top:0;margin-bottom:var(--wp--preset--spacing--r-base)\"><strong>Sage 100<\/strong><\/h4>\n\n\n\n<div class=\"wp-block-buttons is-content-justification-left is-layout-flex wp-container-core-buttons-is-layout-c1aade71 wp-block-buttons-is-layout-flex\" style=\"margin-top:var(--wp--preset--spacing--auto);margin-bottom:0\">\n<div class=\"wp-block-button is-style-fill\"><a class=\"wp-block-button__link has-base-color has-text-color has-link-color wp-element-button\" href=\"https:\/\/sageu.csod.com\/default.aspx?c=sf100c\">En savoir plus<\/a><\/div>\n<\/div>\n<\/div>\n<\/div>\n\n\n\n<div class=\"wp-block-column is-layout-flow wp-block-column-is-layout-flow\">\n<div class=\"has-shadow wp-block-group is-style-full-height has-contrast-color has-text-color has-link-color is-clickable wp-elements-5f93158067b58c8b0538fbc26f45033d is-vertical is-layout-flex wp-container-core-group-is-layout-029ef134 wp-block-group-is-layout-flex\" style=\"box-shadow: var(--wp--custom--box-shadow--small); border-radius:24px;padding-top:var(--wp--preset--spacing--r-base);padding-right:var(--wp--preset--spacing--r-base);padding-bottom:var(--wp--preset--spacing--r-base);padding-left:var(--wp--preset--spacing--r-base)\">\n<h4 class=\"wp-block-heading has-text-align-left has-sage-text-font-family has-r-m-font-size\" style=\"margin-top:0;margin-bottom:var(--wp--preset--spacing--r-base)\"><strong>Sage <\/strong>Active<\/h4>\n\n\n\n<div class=\"wp-block-buttons is-content-justification-left is-layout-flex wp-container-core-buttons-is-layout-c1aade71 wp-block-buttons-is-layout-flex\" style=\"margin-top:var(--wp--preset--spacing--auto);margin-bottom:0\">\n<div class=\"wp-block-button is-style-fill\"><a class=\"wp-block-button__link has-base-color has-text-color has-link-color wp-element-button\" href=\"https:\/\/sageu.csod.com\/default.aspx?c=sf_a\">En savoir plus<\/a><\/div>\n<\/div>\n<\/div>\n<\/div>\n<\/div>\n\n\n\n<div class=\"wp-block-columns alignwide is-style-full-height is-layout-flex wp-container-core-columns-is-layout-28f84493 wp-block-columns-is-layout-flex has-3-columns\">\n<div class=\"wp-block-column is-layout-flow wp-block-column-is-layout-flow\">\n<div class=\"has-shadow wp-block-group is-style-full-height has-contrast-color has-text-color has-link-color is-clickable wp-elements-256eb393cb7f86a584aac4163933e563 is-vertical is-layout-flex wp-container-core-group-is-layout-029ef134 wp-block-group-is-layout-flex\" style=\"box-shadow: var(--wp--custom--box-shadow--small); border-radius:24px;padding-top:var(--wp--preset--spacing--r-base);padding-right:var(--wp--preset--spacing--r-base);padding-bottom:var(--wp--preset--spacing--r-base);padding-left:var(--wp--preset--spacing--r-base)\">\n<h4 class=\"wp-block-heading has-text-align-left has-sage-text-font-family has-r-m-font-size\" style=\"margin-top:0;margin-bottom:var(--wp--preset--spacing--r-base)\"><strong>Sage Batigest Connect<\/strong><\/h4>\n\n\n\n<div class=\"wp-block-buttons is-content-justification-left is-layout-flex wp-container-core-buttons-is-layout-c1aade71 wp-block-buttons-is-layout-flex\" style=\"margin-top:var(--wp--preset--spacing--auto);margin-bottom:0\">\n<div class=\"wp-block-button is-style-fill\"><a class=\"wp-block-button__link has-base-color has-text-color has-link-color wp-element-button\" href=\"https:\/\/sageu.csod.com\/default.aspx?c=sfbatigest\">En savoir plus<\/a><\/div>\n<\/div>\n<\/div>\n<\/div>\n\n\n\n<div class=\"wp-block-column is-layout-flow wp-block-column-is-layout-flow\">\n<div class=\"has-shadow wp-block-group is-style-full-height has-contrast-color has-text-color has-link-color is-clickable wp-elements-8d0742b415c811ffadcf2666e9301a58 is-vertical is-layout-flex wp-container-core-group-is-layout-029ef134 wp-block-group-is-layout-flex\" style=\"box-shadow: var(--wp--custom--box-shadow--small); border-radius:24px;padding-top:var(--wp--preset--spacing--r-base);padding-right:var(--wp--preset--spacing--r-base);padding-bottom:var(--wp--preset--spacing--r-base);padding-left:var(--wp--preset--spacing--r-base)\">\n<h4 class=\"wp-block-heading has-text-align-left has-sage-text-font-family has-r-m-font-size\" style=\"margin-top:0;margin-bottom:var(--wp--preset--spacing--r-base)\"><strong>Sage Business Cloud Paie<\/strong><\/h4>\n\n\n\n<div class=\"wp-block-buttons is-content-justification-left is-layout-flex wp-container-core-buttons-is-layout-c1aade71 wp-block-buttons-is-layout-flex\" style=\"margin-top:var(--wp--preset--spacing--auto);margin-bottom:0\">\n<div class=\"wp-block-button is-style-fill\"><a class=\"wp-block-button__link has-base-color has-text-color has-link-color wp-element-button\" href=\"https:\/\/sageu.csod.com\/default.aspx?c=sfsbcpaie\">En savoir plus<\/a><\/div>\n<\/div>\n<\/div>\n<\/div>\n\n\n\n<div class=\"wp-block-column is-layout-flow wp-block-column-is-layout-flow\">\n<div class=\"has-shadow wp-block-group is-style-full-height has-contrast-color has-text-color has-link-color is-clickable wp-elements-668491729ca8846287ebc8f084a725ab is-vertical is-layout-flex wp-container-core-group-is-layout-029ef134 wp-block-group-is-layout-flex\" style=\"box-shadow: var(--wp--custom--box-shadow--small); border-radius:24px;padding-top:var(--wp--preset--spacing--r-base);padding-right:var(--wp--preset--spacing--r-base);padding-bottom:var(--wp--preset--spacing--r-base);padding-left:var(--wp--preset--spacing--r-base)\">\n<h4 class=\"wp-block-heading has-text-align-left has-sage-text-font-family has-r-m-font-size\" style=\"margin-top:0;margin-bottom:var(--wp--preset--spacing--r-base)\"><strong>Sage 100 Paie &amp; RH<\/strong><\/h4>\n\n\n\n<div class=\"wp-block-buttons is-content-justification-left is-layout-flex wp-container-core-buttons-is-layout-c1aade71 wp-block-buttons-is-layout-flex\" style=\"margin-top:var(--wp--preset--spacing--auto);margin-bottom:0\">\n<div class=\"wp-block-button is-style-fill\"><a class=\"wp-block-button__link has-base-color has-text-color has-link-color wp-element-button\" href=\"https:\/\/sageu.csod.com\/default.aspx?c=sfpaierh\">En savoir plus<\/a><\/div>\n<\/div>\n<\/div>\n<\/div>\n<\/div>\n\n\n\n<div class=\"wp-block-columns alignwide is-style-full-height is-layout-flex wp-container-core-columns-is-layout-28f84493 wp-block-columns-is-layout-flex has-3-columns\">\n<div class=\"wp-block-column is-layout-flow wp-block-column-is-layout-flow\">\n<div class=\"has-shadow wp-block-group is-style-full-height has-contrast-color has-text-color has-link-color is-clickable wp-elements-81e98638fceba2bcca8bc0adf8460204 is-vertical is-layout-flex wp-container-core-group-is-layout-029ef134 wp-block-group-is-layout-flex\" style=\"box-shadow: var(--wp--custom--box-shadow--small); border-radius:24px;padding-top:var(--wp--preset--spacing--r-base);padding-right:var(--wp--preset--spacing--r-base);padding-bottom:var(--wp--preset--spacing--r-base);padding-left:var(--wp--preset--spacing--r-base)\">\n<h4 class=\"wp-block-heading has-text-align-left has-sage-text-font-family has-r-m-font-size\" style=\"margin-top:0;margin-bottom:var(--wp--preset--spacing--r-base)\"><strong>Sage Intacct<\/strong><\/h4>\n\n\n\n<div class=\"wp-block-buttons is-content-justification-left is-layout-flex wp-container-core-buttons-is-layout-c1aade71 wp-block-buttons-is-layout-flex\" style=\"margin-top:var(--wp--preset--spacing--auto);margin-bottom:0\">\n<div class=\"wp-block-button is-style-fill\"><a class=\"wp-block-button__link has-base-color has-text-color has-link-color wp-element-button\" href=\"https:\/\/sageu.csod.com\/default.aspx?c=sf_si\">En savoir plus<\/a><\/div>\n<\/div>\n<\/div>\n<\/div>\n\n\n\n<div class=\"wp-block-column is-vertically-aligned-center is-layout-flow wp-block-column-is-layout-flow\">\n<div class=\"has-shadow wp-block-group is-style-full-height has-contrast-color has-text-color has-link-color is-clickable wp-elements-6f291124f5c6c05acf1aa0775e829a44 is-vertical is-layout-flex wp-container-core-group-is-layout-029ef134 wp-block-group-is-layout-flex\" style=\"box-shadow: var(--wp--custom--box-shadow--small); border-radius:24px;padding-top:var(--wp--preset--spacing--r-base);padding-right:var(--wp--preset--spacing--r-base);padding-bottom:var(--wp--preset--spacing--r-base);padding-left:var(--wp--preset--spacing--r-base)\">\n<h4 class=\"wp-block-heading has-text-align-left has-sage-text-font-family has-r-m-font-size\" style=\"margin-top:0;margin-bottom:var(--wp--preset--spacing--r-base)\"><strong>Sage X3<\/strong><\/h4>\n\n\n\n<div class=\"wp-block-buttons is-content-justification-left is-layout-flex wp-container-core-buttons-is-layout-c1aade71 wp-block-buttons-is-layout-flex\" style=\"margin-top:var(--wp--preset--spacing--auto);margin-bottom:0\">\n<div class=\"wp-block-button is-style-fill\"><a class=\"wp-block-button__link has-base-color has-text-color has-link-color wp-element-button\" href=\"https:\/\/sageu.csod.com\/default.aspx?c=sfx3\">En savoir plus<\/a><\/div>\n<\/div>\n<\/div>\n<\/div>\n\n\n\n<div class=\"wp-block-column is-vertically-aligned-center is-layout-flow wp-block-column-is-layout-flow\"><\/div>\n<\/div>\n<\/div>\n<\/div>\n","protected":false},"excerpt":{"rendered":"<p>Catalogue de formations Consultez nos formations disponibles sur votre logiciel Sage. Sage vous accompagne \u00e9galement gr\u00e2ce \u00e0 des prestations techniques. N&#8217;h\u00e9sitez pas \u00e0 contacter votre conseiller commercial pour plus d&#8217;informations. Sage 50 Sage 100 Sage Active Sage Batigest Connect Sage Business Cloud Paie Sage 100 Paie &amp; RH Sage Intacct Sage X3<\/p>\n","protected":false},"author":15,"featured_media":0,"parent":0,"menu_order":0,"comment_status":"closed","ping_status":"closed","template":"","meta":{"_sageu_show_background_image":true,"footnotes":""},"class_list":["post-46","page","type-page","status-publish","hentry"],"yoast_head":"<!-- This site is optimized with the Yoast SEO plugin v27.3 - https:\/\/yoast.com\/product\/yoast-seo-wordpress\/ -->\n<title>Product_catalogue - Sage University (France)<\/title>\n<meta name=\"robots\" content=\"index, follow, max-snippet:-1, max-image-preview:large, max-video-preview:-1\" \/>\n<link rel=\"canonical\" href=\"https:\/\/sageuniversprd.wpengine.com\/fr-fr\/product_catalogue\/\" \/>\n<meta property=\"og:locale\" content=\"en_US\" \/>\n<meta property=\"og:type\" content=\"article\" \/>\n<meta property=\"og:title\" content=\"Product_catalogue - Sage University (France)\" \/>\n<meta property=\"og:description\" content=\"Catalogue de formations Consultez nos formations disponibles sur votre logiciel Sage. Sage vous accompagne \u00e9galement gr\u00e2ce \u00e0 des prestations techniques. N&#8217;h\u00e9sitez pas \u00e0 contacter votre conseiller commercial pour plus d&#8217;informations. Sage 50 Sage 100 Sage Active Sage Batigest Connect Sage Business Cloud Paie Sage 100 Paie &amp; RH Sage Intacct Sage X3\" \/>\n<meta property=\"og:url\" content=\"https:\/\/sageuniversprd.wpengine.com\/fr-fr\/product_catalogue\/\" \/>\n<meta property=\"og:site_name\" content=\"Sage University (France)\" \/>\n<meta property=\"article:modified_time\" content=\"2024-06-21T15:58:13+00:00\" \/>\n<meta property=\"og:image\" content=\"https:\/\/sageu.com\/global\/images\/rebrand\/photography\/Accountants_Small_Business\/1920x640\/BrandShootLDN_Dec2021_accountants_0435_n.jpg\" \/>\n<meta name=\"twitter:card\" content=\"summary_large_image\" \/>\n<meta name=\"twitter:label1\" content=\"Est. reading time\" \/>\n\t<meta name=\"twitter:data1\" content=\"1 minute\" \/>\n<script type=\"application\/ld+json\" class=\"yoast-schema-graph\">{\"@context\":\"https:\\\/\\\/schema.org\",\"@graph\":[{\"@type\":\"WebPage\",\"@id\":\"https:\\\/\\\/sageuniversprd.wpengine.com\\\/fr-fr\\\/product_catalogue\\\/\",\"url\":\"https:\\\/\\\/sageuniversprd.wpengine.com\\\/fr-fr\\\/product_catalogue\\\/\",\"name\":\"Product_catalogue - Sage University (France)\",\"isPartOf\":{\"@id\":\"https:\\\/\\\/sageuniversprd.wpengine.com\\\/fr-fr\\\/#website\"},\"primaryImageOfPage\":{\"@id\":\"https:\\\/\\\/sageuniversprd.wpengine.com\\\/fr-fr\\\/product_catalogue\\\/#primaryimage\"},\"image\":{\"@id\":\"https:\\\/\\\/sageuniversprd.wpengine.com\\\/fr-fr\\\/product_catalogue\\\/#primaryimage\"},\"thumbnailUrl\":\"https:\\\/\\\/sageu.com\\\/global\\\/images\\\/rebrand\\\/photography\\\/Accountants_Small_Business\\\/1920x640\\\/BrandShootLDN_Dec2021_accountants_0435_n.jpg\",\"datePublished\":\"2024-06-13T12:56:10+00:00\",\"dateModified\":\"2024-06-21T15:58:13+00:00\",\"breadcrumb\":{\"@id\":\"https:\\\/\\\/sageuniversprd.wpengine.com\\\/fr-fr\\\/product_catalogue\\\/#breadcrumb\"},\"inLanguage\":\"en-US\",\"potentialAction\":[{\"@type\":\"ReadAction\",\"target\":[\"https:\\\/\\\/sageuniversprd.wpengine.com\\\/fr-fr\\\/product_catalogue\\\/\"]}]},{\"@type\":\"ImageObject\",\"inLanguage\":\"en-US\",\"@id\":\"https:\\\/\\\/sageuniversprd.wpengine.com\\\/fr-fr\\\/product_catalogue\\\/#primaryimage\",\"url\":\"https:\\\/\\\/sageu.com\\\/global\\\/images\\\/rebrand\\\/photography\\\/Accountants_Small_Business\\\/1920x640\\\/BrandShootLDN_Dec2021_accountants_0435_n.jpg\",\"contentUrl\":\"https:\\\/\\\/sageu.com\\\/global\\\/images\\\/rebrand\\\/photography\\\/Accountants_Small_Business\\\/1920x640\\\/BrandShootLDN_Dec2021_accountants_0435_n.jpg\"},{\"@type\":\"BreadcrumbList\",\"@id\":\"https:\\\/\\\/sageuniversprd.wpengine.com\\\/fr-fr\\\/product_catalogue\\\/#breadcrumb\",\"itemListElement\":[{\"@type\":\"ListItem\",\"position\":1,\"name\":\"Home\",\"item\":\"https:\\\/\\\/sageu.com\\\/fr-fr\\\/\"},{\"@type\":\"ListItem\",\"position\":2,\"name\":\"Product_catalogue\"}]},{\"@type\":\"WebSite\",\"@id\":\"https:\\\/\\\/sageuniversprd.wpengine.com\\\/fr-fr\\\/#website\",\"url\":\"https:\\\/\\\/sageuniversprd.wpengine.com\\\/fr-fr\\\/\",\"name\":\"Sage University (France)\",\"description\":\"\",\"publisher\":{\"@id\":\"https:\\\/\\\/sageuniversprd.wpengine.com\\\/fr-fr\\\/#organization\"},\"potentialAction\":[{\"@type\":\"SearchAction\",\"target\":{\"@type\":\"EntryPoint\",\"urlTemplate\":\"https:\\\/\\\/sageuniversprd.wpengine.com\\\/fr-fr\\\/?s={search_term_string}\"},\"query-input\":{\"@type\":\"PropertyValueSpecification\",\"valueRequired\":true,\"valueName\":\"search_term_string\"}}],\"inLanguage\":\"en-US\"},{\"@type\":\"Organization\",\"@id\":\"https:\\\/\\\/sageuniversprd.wpengine.com\\\/fr-fr\\\/#organization\",\"name\":\"Sage University (France)\",\"url\":\"https:\\\/\\\/sageuniversprd.wpengine.com\\\/fr-fr\\\/\",\"logo\":{\"@type\":\"ImageObject\",\"inLanguage\":\"en-US\",\"@id\":\"https:\\\/\\\/sageuniversprd.wpengine.com\\\/fr-fr\\\/#\\\/schema\\\/logo\\\/image\\\/\",\"url\":\"https:\\\/\\\/sageu.com\\\/fr-fr\\\/wp-content\\\/uploads\\\/sites\\\/4\\\/2024\\\/05\\\/sage-logo-1.png\",\"contentUrl\":\"https:\\\/\\\/sageu.com\\\/fr-fr\\\/wp-content\\\/uploads\\\/sites\\\/4\\\/2024\\\/05\\\/sage-logo-1.png\",\"width\":176,\"height\":34,\"caption\":\"Sage University (France)\"},\"image\":{\"@id\":\"https:\\\/\\\/sageuniversprd.wpengine.com\\\/fr-fr\\\/#\\\/schema\\\/logo\\\/image\\\/\"}}]}<\/script>\n<!-- \/ Yoast SEO plugin. -->","yoast_head_json":{"title":"Product_catalogue - Sage University (France)","robots":{"index":"index","follow":"follow","max-snippet":"max-snippet:-1","max-image-preview":"max-image-preview:large","max-video-preview":"max-video-preview:-1"},"canonical":"https:\/\/sageuniversprd.wpengine.com\/fr-fr\/product_catalogue\/","og_locale":"en_US","og_type":"article","og_title":"Product_catalogue - Sage University (France)","og_description":"Catalogue de formations Consultez nos formations disponibles sur votre logiciel Sage. Sage vous accompagne \u00e9galement gr\u00e2ce \u00e0 des prestations techniques. N&#8217;h\u00e9sitez pas \u00e0 contacter votre conseiller commercial pour plus d&#8217;informations. Sage 50 Sage 100 Sage Active Sage Batigest Connect Sage Business Cloud Paie Sage 100 Paie &amp; RH Sage Intacct Sage X3","og_url":"https:\/\/sageuniversprd.wpengine.com\/fr-fr\/product_catalogue\/","og_site_name":"Sage University (France)","article_modified_time":"2024-06-21T15:58:13+00:00","og_image":[{"url":"https:\/\/sageu.com\/global\/images\/rebrand\/photography\/Accountants_Small_Business\/1920x640\/BrandShootLDN_Dec2021_accountants_0435_n.jpg","type":"","width":"","height":""}],"twitter_card":"summary_large_image","twitter_misc":{"Est. reading time":"1 minute"},"schema":{"@context":"https:\/\/schema.org","@graph":[{"@type":"WebPage","@id":"https:\/\/sageuniversprd.wpengine.com\/fr-fr\/product_catalogue\/","url":"https:\/\/sageuniversprd.wpengine.com\/fr-fr\/product_catalogue\/","name":"Product_catalogue - Sage University (France)","isPartOf":{"@id":"https:\/\/sageuniversprd.wpengine.com\/fr-fr\/#website"},"primaryImageOfPage":{"@id":"https:\/\/sageuniversprd.wpengine.com\/fr-fr\/product_catalogue\/#primaryimage"},"image":{"@id":"https:\/\/sageuniversprd.wpengine.com\/fr-fr\/product_catalogue\/#primaryimage"},"thumbnailUrl":"https:\/\/sageu.com\/global\/images\/rebrand\/photography\/Accountants_Small_Business\/1920x640\/BrandShootLDN_Dec2021_accountants_0435_n.jpg","datePublished":"2024-06-13T12:56:10+00:00","dateModified":"2024-06-21T15:58:13+00:00","breadcrumb":{"@id":"https:\/\/sageuniversprd.wpengine.com\/fr-fr\/product_catalogue\/#breadcrumb"},"inLanguage":"en-US","potentialAction":[{"@type":"ReadAction","target":["https:\/\/sageuniversprd.wpengine.com\/fr-fr\/product_catalogue\/"]}]},{"@type":"ImageObject","inLanguage":"en-US","@id":"https:\/\/sageuniversprd.wpengine.com\/fr-fr\/product_catalogue\/#primaryimage","url":"https:\/\/sageu.com\/global\/images\/rebrand\/photography\/Accountants_Small_Business\/1920x640\/BrandShootLDN_Dec2021_accountants_0435_n.jpg","contentUrl":"https:\/\/sageu.com\/global\/images\/rebrand\/photography\/Accountants_Small_Business\/1920x640\/BrandShootLDN_Dec2021_accountants_0435_n.jpg"},{"@type":"BreadcrumbList","@id":"https:\/\/sageuniversprd.wpengine.com\/fr-fr\/product_catalogue\/#breadcrumb","itemListElement":[{"@type":"ListItem","position":1,"name":"Home","item":"https:\/\/sageu.com\/fr-fr\/"},{"@type":"ListItem","position":2,"name":"Product_catalogue"}]},{"@type":"WebSite","@id":"https:\/\/sageuniversprd.wpengine.com\/fr-fr\/#website","url":"https:\/\/sageuniversprd.wpengine.com\/fr-fr\/","name":"Sage University (France)","description":"","publisher":{"@id":"https:\/\/sageuniversprd.wpengine.com\/fr-fr\/#organization"},"potentialAction":[{"@type":"SearchAction","target":{"@type":"EntryPoint","urlTemplate":"https:\/\/sageuniversprd.wpengine.com\/fr-fr\/?s={search_term_string}"},"query-input":{"@type":"PropertyValueSpecification","valueRequired":true,"valueName":"search_term_string"}}],"inLanguage":"en-US"},{"@type":"Organization","@id":"https:\/\/sageuniversprd.wpengine.com\/fr-fr\/#organization","name":"Sage University (France)","url":"https:\/\/sageuniversprd.wpengine.com\/fr-fr\/","logo":{"@type":"ImageObject","inLanguage":"en-US","@id":"https:\/\/sageuniversprd.wpengine.com\/fr-fr\/#\/schema\/logo\/image\/","url":"https:\/\/sageu.com\/fr-fr\/wp-content\/uploads\/sites\/4\/2024\/05\/sage-logo-1.png","contentUrl":"https:\/\/sageu.com\/fr-fr\/wp-content\/uploads\/sites\/4\/2024\/05\/sage-logo-1.png","width":176,"height":34,"caption":"Sage University (France)"},"image":{"@id":"https:\/\/sageuniversprd.wpengine.com\/fr-fr\/#\/schema\/logo\/image\/"}}]}},"_links":{"self":[{"href":"https:\/\/sageu.com\/fr-fr\/wp-json\/wp\/v2\/pages\/46","targetHints":{"allow":["GET"]}}],"collection":[{"href":"https:\/\/sageu.com\/fr-fr\/wp-json\/wp\/v2\/pages"}],"about":[{"href":"https:\/\/sageu.com\/fr-fr\/wp-json\/wp\/v2\/types\/page"}],"author":[{"embeddable":true,"href":"https:\/\/sageu.com\/fr-fr\/wp-json\/wp\/v2\/users\/15"}],"replies":[{"embeddable":true,"href":"https:\/\/sageu.com\/fr-fr\/wp-json\/wp\/v2\/comments?post=46"}],"version-history":[{"count":0,"href":"https:\/\/sageu.com\/fr-fr\/wp-json\/wp\/v2\/pages\/46\/revisions"}],"wp:attachment":[{"href":"https:\/\/sageu.com\/fr-fr\/wp-json\/wp\/v2\/media?parent=46"}],"curies":[{"name":"wp","href":"https:\/\/api.w.org\/{rel}","templated":true}]}}